{"id":1209,"date":"2026-03-18T01:10:38","date_gmt":"2026-03-18T01:10:38","guid":{"rendered":"https:\/\/goaspendigital.com\/?page_id=1209"},"modified":"2026-03-18T01:10:40","modified_gmt":"2026-03-18T01:10:40","slug":"smartfonlar-v%c9%99-plansetl%c9%99rd%c9%99-pin-up-oyunlarini-oynamaqla-ist%c9%99nil%c9%99n-yerd%c9%99-canli-dilerl%c9%99rl%c9%99-qarsilasin-boyuk-bonuslarla-h%c9%99y%c9%99cani-cibiniz%c9%99-dasiyin-4","status":"publish","type":"page","link":"https:\/\/goaspendigital.com\/?page_id=1209","title":{"rendered":"<div style=\"position: absolute; left: -7566px;\"><p>Smartfonlar v\u0259 plan\u015fetl\u0259rd\u0259 &#8220;<a href=\"https:\/\/softlandingsforseniors.com\/\">pin up<\/a>&#8221; oyunlar\u0131n\u0131 oynamaqla ist\u0259nil\u0259n yerd\u0259 canl\u0131 dilerl\u0259rl\u0259 qar\u015f\u0131la\u015f\u0131n, b\u00f6y\u00fck bonuslarla h\u0259y\u0259can\u0131 cibiniz\u0259 da\u015f\u0131y\u0131n v\u0259 \u015fans\u0131n\u0131z\u0131 art\u0131r\u0131n!<\/p><\/div>"},"content":{"rendered":"","protected":false},"excerpt":{"rendered":"","protected":false},"author":1912,"featured_media":0,"parent":0,"menu_order":0,"comment_status":"closed","ping_status":"closed","template":"","meta":{"footnotes":""},"class_list":["post-1209","page","type-page","status-publish","hentry","entry"],"_links":{"self":[{"href":"https:\/\/goaspendigital.com\/index.php?rest_route=\/wp\/v2\/pages\/1209","targetHints":{"allow":["GET"]}}],"collection":[{"href":"https:\/\/goaspendigital.com\/index.php?rest_route=\/wp\/v2\/pages"}],"about":[{"href":"https:\/\/goaspendigital.com\/index.php?rest_route=\/wp\/v2\/types\/page"}],"author":[{"embeddable":true,"href":"https:\/\/goaspendigital.com\/index.php?rest_route=\/wp\/v2\/users\/1912"}],"replies":[{"embeddable":true,"href":"https:\/\/goaspendigital.com\/index.php?rest_route=%2Fwp%2Fv2%2Fcomments&post=1209"}],"version-history":[{"count":1,"href":"https:\/\/goaspendigital.com\/index.php?rest_route=\/wp\/v2\/pages\/1209\/revisions"}],"predecessor-version":[{"id":1211,"href":"https:\/\/goaspendigital.com\/index.php?rest_route=\/wp\/v2\/pages\/1209\/revisions\/1211"}],"wp:attachment":[{"href":"https:\/\/goaspendigital.com\/index.php?rest_route=%2Fwp%2Fv2%2Fmedia&parent=1209"}],"curies":[{"name":"wp","href":"https:\/\/api.w.org\/{rel}","templated":true}]}}